{"id":10812,"date":"2024-04-25T22:26:26","date_gmt":"2024-04-26T01:26:26","guid":{"rendered":"https:\/\/grandereservamataatlantica.com.br\/qualification-program\/"},"modified":"2026-04-23T10:51:39","modified_gmt":"2026-04-23T13:51:39","slug":"qualification-program","status":"publish","type":"page","link":"https:\/\/grandereservamataatlantica.com.br\/en\/qualification-program\/","title":{"rendered":"Qualification Program"},"content":{"rendered":"\t\t<div data-elementor-type=\"wp-page\" data-elementor-id=\"10812\" class=\"elementor elementor-10812 elementor-224\" data-elementor-post-type=\"page\">\n\t\t\t\t<div class=\"elementor-element elementor-element-da01122 e-flex e-con-boxed e-con e-parent\" data-id=\"da01122\" data-element_type=\"container\" data-settings=\"{&quot;background_background&quot;:&quot;classic&quot;,&quot;jet_parallax_layout_list&quot;:[]}\">\n\t\t\t\t\t<div class=\"e-con-inner\">\n\t\t<div class=\"elementor-element elementor-element-d291da0 e-con-full e-flex e-con e-child\" data-id=\"d291da0\" data-element_type=\"container\" data-settings=\"{&quot;jet_parallax_layout_list&quot;:[]}\">\n\t\t\t\t<div class=\"elementor-element elementor-element-2bf7ee4 elementor-widget__width-initial elementor-invisible elementor-widget elementor-widget-heading\" data-id=\"2bf7ee4\" data-element_type=\"widget\" data-settings=\"{&quot;_animation&quot;:&quot;fadeInUp&quot;}\" data-widget_type=\"heading.default\">\n\t\t\t\t<div class=\"elementor-widget-container\">\n\t\t\t\t\t<h3 class=\"elementor-heading-title elementor-size-default\">Qualification Program<\/h3>\t\t\t\t<\/div>\n\t\t\t\t<\/div>\n\t\t\t\t<\/div>\n\t\t\t\t\t<\/div>\n\t\t\t\t<\/div>\n\t\t<div class=\"elementor-element elementor-element-5318d13 e-flex e-con-boxed elementor-invisible e-con e-parent\" data-id=\"5318d13\" data-element_type=\"container\" data-settings=\"{&quot;jet_parallax_layout_list&quot;:[],&quot;animation&quot;:&quot;fadeInUp&quot;}\">\n\t\t\t\t\t<div class=\"e-con-inner\">\n\t\t<div class=\"elementor-element elementor-element-bc1e061 e-con-full e-flex e-con e-child\" data-id=\"bc1e061\" data-element_type=\"container\" data-settings=\"{&quot;jet_parallax_layout_list&quot;:[]}\">\n\t\t\t\t<div class=\"elementor-element elementor-element-736d090 elementor-widget elementor-widget-text-editor\" data-id=\"736d090\" data-element_type=\"widget\" data-settings=\"{&quot;_animation&quot;:&quot;none&quot;}\" data-widget_type=\"text-editor.default\">\n\t\t\t\t<div class=\"elementor-widget-container\">\n\t\t\t\t\t\t\t\t\t<p style=\"text-align: justify;\">The Atlantic Forest Great Reserve Qualification Program is an opportunity for tourism enterprises within the Portal Network to stand out as sustainable tourism options for a growing audience seeking this distinctive value.<\/p><p style=\"text-align: justify;\">Aligned with the <a style=\"color: #333333;\" href=\"https:\/\/grandereservamataatlantica.com.br\/wp-content\/uploads\/2024\/05\/Carta-de-Principios-da-GRMA-2023-1.pdf\">Charter of Principles<\/a>, the Qualification Program provides differentiation for tourism services associated with the Portal Network as a safe and high-quality alternative, while also promoting awareness and encouraging the continuous improvement of participating enterprises.<\/p><p style=\"text-align: justify;\">The categorization of enterprises follows a progressive scale from one to five leaves, illustrating their position along the sustainability journey.<\/p>\t\t\t\t\t\t\t\t<\/div>\n\t\t\t\t<\/div>\n\t\t\t\t<div class=\"elementor-element elementor-element-fb664c6 elementor-widget elementor-widget-image\" data-id=\"fb664c6\" data-element_type=\"widget\" data-settings=\"{&quot;_animation&quot;:&quot;none&quot;}\" data-widget_type=\"image.default\">\n\t\t\t\t<div class=\"elementor-widget-container\">\n\t\t\t\t\t\t\t\t\t\t\t\t\t\t\t<img fetchpriority=\"high\" decoding=\"async\" width=\"800\" height=\"221\" src=\"https:\/\/grandereservamataatlantica.com.br\/wp-content\/uploads\/2024\/05\/grande-reserva-mata-atlantica-programa-de-qualificacao-01.webp\" class=\"elementor-animation-float attachment-large size-large wp-image-3123\" alt=\"\" srcset=\"https:\/\/grandereservamataatlantica.com.br\/wp-content\/uploads\/2024\/05\/grande-reserva-mata-atlantica-programa-de-qualificacao-01.webp 832w, https:\/\/grandereservamataatlantica.com.br\/wp-content\/uploads\/2024\/05\/grande-reserva-mata-atlantica-programa-de-qualificacao-01-300x83.webp 300w, https:\/\/grandereservamataatlantica.com.br\/wp-content\/uploads\/2024\/05\/grande-reserva-mata-atlantica-programa-de-qualificacao-01-768x212.webp 768w\" sizes=\"(max-width: 800px) 100vw, 800px\" \/>\t\t\t\t\t\t\t\t\t\t\t\t\t\t\t<\/div>\n\t\t\t\t<\/div>\n\t\t\t\t<div class=\"elementor-element elementor-element-a2d6321 elementor-invisible elementor-widget elementor-widget-text-editor\" data-id=\"a2d6321\" data-element_type=\"widget\" data-settings=\"{&quot;_animation&quot;:&quot;fadeInUp&quot;}\" data-widget_type=\"text-editor.default\">\n\t\t\t\t<div class=\"elementor-widget-container\">\n\t\t\t\t\t\t\t\t\t<p>By its inclusive and comprehensive nature, the Atlantic Forest Great Reserve welcomes enterprises of different sizes, levels of maturity, and resource availability. Therefore, the Program is open to all interested participants, without imposing restrictions of any kind. Everyone is welcome to embark on the sustainability journey!  <\/p>\t\t\t\t\t\t\t\t<\/div>\n\t\t\t\t<\/div>\n\t\t\t\t<div class=\"elementor-element elementor-element-4ddccfa elementor-widget__width-auto elementor-widget-mobile__width-inherit elementor-align-justify elementor-invisible elementor-widget elementor-widget-button\" data-id=\"4ddccfa\" data-element_type=\"widget\" data-settings=\"{&quot;_animation&quot;:&quot;fadeInUp&quot;}\" data-widget_type=\"button.default\">\n\t\t\t\t<div class=\"elementor-widget-container\">\n\t\t\t\t\t\t\t\t\t<div class=\"elementor-button-wrapper\">\n\t\t\t\t\t<a class=\"elementor-button elementor-button-link elementor-size-sm\" href=\"https:\/\/grandereservamataatlantica.com.br\/wp-content\/uploads\/2025\/05\/Importancia-do-Programa-de-Qualificacao-da-Grande-Reserva-Mata-Atlantica.pdf\" target=\"_blank\">\n\t\t\t\t\t\t<span class=\"elementor-button-content-wrapper\">\n\t\t\t\t\t\t\t\t\t<span class=\"elementor-button-text\">UNDERSTAND THE IMPORTANCE OF THE QUALIFICATION PROGRAM<\/span>\n\t\t\t\t\t<\/span>\n\t\t\t\t\t<\/a>\n\t\t\t\t<\/div>\n\t\t\t\t\t\t\t\t<\/div>\n\t\t\t\t<\/div>\n\t\t\t\t<div class=\"elementor-element elementor-element-0b058b0 elementor-invisible elementor-widget elementor-widget-text-editor\" data-id=\"0b058b0\" data-element_type=\"widget\" data-settings=\"{&quot;_animation&quot;:&quot;fadeInUp&quot;}\" data-widget_type=\"text-editor.default\">\n\t\t\t\t<div class=\"elementor-widget-container\">\n\t\t\t\t\t\t\t\t\t<p>The Program is based on the following sustainability references in tourism:<\/p>\t\t\t\t\t\t\t\t<\/div>\n\t\t\t\t<\/div>\n\t\t\t\t<div class=\"elementor-element elementor-element-68a6d34 elementor-invisible elementor-widget elementor-widget-text-editor\" data-id=\"68a6d34\" data-element_type=\"widget\" data-settings=\"{&quot;_animation&quot;:&quot;fadeInUp&quot;}\" data-widget_type=\"text-editor.default\">\n\t\t\t\t<div class=\"elementor-widget-container\">\n\t\t\t\t\t\t\t\t\t<ul><li><span style=\"color: #333333;\"><a style=\"color: #333333;\" href=\"https:\/\/brasil.un.org\/pt-br\/sdgs\" target=\"_blank\" rel=\"noopener noreferrer\">Sustainable Development Goals (SDGs)<\/a><\/span><\/li><li><span style=\"color: #333333;\"><a style=\"color: #333333;\" href=\"https:\/\/www.sebrae.com.br\/Sebrae\/Portal%20Sebrae\/UFs\/MT\/BIS\/Normaliza%C3%A7%C3%A3o%20e%20Certifica%C3%A7%C3%A3o%20de%20Turismo%20Sustent%C3%A1vel%2021x21cm%20-%20Web.pdf\" target=\"_blank\" rel=\"noopener noreferrer\">8 Principles of Sustainable Development (ABNT)<\/a><\/span><\/li><li><span style=\"color: #333333;\"><a style=\"color: #333333;\" href=\"https:\/\/partner.booking.com\/sites\/default\/files\/2021-11\/Travel%20Sustainable%20Programme%20-%20Case%20Studies.pdf\" target=\"_blank\" rel=\"noopener noreferrer\">BOOKING.COM Responsible Tourism Seal<\/a><\/span><\/li><li><span style=\"color: #333333;\"><a style=\"color: #333333;\" href=\"https:\/\/futuribrasil.com\/\" target=\"_blank\" rel=\"noopener noreferrer\">Futuri Criteria<\/a><\/span><\/li><li><span style=\"color: #333333;\"><a style=\"color: #333333;\" href=\"https:\/\/www.pactoglobal.org.br\/sobre-nos\/\" target=\"_blank\" rel=\"noopener noreferrer\">10 Principles of the UN Global Compact<\/a><\/span><\/li><li><span style=\"color: #333333;\"><a style=\"color: #333333;\" href=\"https:\/\/www.gstcouncil.org\/wp-content\/uploads\/GSTC-Industry_Criteria_only_January_2018.pdf\" target=\"_blank\" rel=\"noopener noreferrer\">GSTC (Global Sustainable Tourism Council) Criteria<\/a><\/span><\/li><\/ul>\t\t\t\t\t\t\t\t<\/div>\n\t\t\t\t<\/div>\n\t\t\t\t<div class=\"elementor-element elementor-element-894ac12 elementor-invisible elementor-widget elementor-widget-text-editor\" data-id=\"894ac12\" data-element_type=\"widget\" data-settings=\"{&quot;_animation&quot;:&quot;fadeInUp&quot;}\" data-widget_type=\"text-editor.default\">\n\t\t\t\t<div class=\"elementor-widget-container\">\n\t\t\t\t\t\t\t\t\t<p>Based on these references, we developed a model for the Atlantic Forest Great Reserve Qualification Program. Below are the actions that make up each level of the Program, in which enterprises are assessed according to their progress along the sustainability journey and encouraged to seek improvements and solutions collaboratively. <\/p>\t\t\t\t\t\t\t\t<\/div>\n\t\t\t\t<\/div>\n\t\t\t\t<div class=\"elementor-element elementor-element-d9754a1 elementor-invisible elementor-widget elementor-widget-text-editor\" data-id=\"d9754a1\" data-element_type=\"widget\" data-settings=\"{&quot;_animation&quot;:&quot;fadeInUp&quot;}\" data-widget_type=\"text-editor.default\">\n\t\t\t\t<div class=\"elementor-widget-container\">\n\t\t\t\t\t\t\t\t\t<p>Below, see the enterprises participating in the Atlantic Forest Great Reserve Qualification Program:<\/p>\t\t\t\t\t\t\t\t<\/div>\n\t\t\t\t<\/div>\n\t\t\t\t<div class=\"elementor-element elementor-element-b08dc17 elementor-widget elementor-widget-image\" data-id=\"b08dc17\" data-element_type=\"widget\" data-settings=\"{&quot;_animation&quot;:&quot;none&quot;}\" data-widget_type=\"image.default\">\n\t\t\t\t<div class=\"elementor-widget-container\">\n\t\t\t\t\t\t\t\t\t\t\t\t\t\t\t\t<a href=\"https:\/\/grandereservamataatlantica.com.br\/wp-content\/uploads\/2026\/04\/grande-reserva-mata-atlantica-tabela-adesao-programa-de-qualificacao-17abr26.jpeg\" data-elementor-open-lightbox=\"yes\" data-elementor-lightbox-title=\"grande-reserva-mata-atlantica-tabela-adesao-programa-de-qualificacao-17abr26\" data-e-action-hash=\"#elementor-action%3Aaction%3Dlightbox%26settings%3DeyJpZCI6MTIxNzYsInVybCI6Imh0dHBzOlwvXC9ncmFuZGVyZXNlcnZhbWF0YWF0bGFudGljYS5jb20uYnJcL3dwLWNvbnRlbnRcL3VwbG9hZHNcLzIwMjZcLzA0XC9ncmFuZGUtcmVzZXJ2YS1tYXRhLWF0bGFudGljYS10YWJlbGEtYWRlc2FvLXByb2dyYW1hLWRlLXF1YWxpZmljYWNhby0xN2FicjI2LmpwZWcifQ%3D%3D\">\n\t\t\t\t\t\t\t<img decoding=\"async\" width=\"580\" height=\"1600\" src=\"https:\/\/grandereservamataatlantica.com.br\/wp-content\/uploads\/2026\/04\/grande-reserva-mata-atlantica-tabela-adesao-programa-de-qualificacao-17abr26.jpeg\" class=\"elementor-animation-float attachment-full size-full wp-image-12176\" alt=\"\" srcset=\"https:\/\/grandereservamataatlantica.com.br\/wp-content\/uploads\/2026\/04\/grande-reserva-mata-atlantica-tabela-adesao-programa-de-qualificacao-17abr26.jpeg 580w, https:\/\/grandereservamataatlantica.com.br\/wp-content\/uploads\/2026\/04\/grande-reserva-mata-atlantica-tabela-adesao-programa-de-qualificacao-17abr26-109x300.jpeg 109w, https:\/\/grandereservamataatlantica.com.br\/wp-content\/uploads\/2026\/04\/grande-reserva-mata-atlantica-tabela-adesao-programa-de-qualificacao-17abr26-371x1024.jpeg 371w, https:\/\/grandereservamataatlantica.com.br\/wp-content\/uploads\/2026\/04\/grande-reserva-mata-atlantica-tabela-adesao-programa-de-qualificacao-17abr26-557x1536.jpeg 557w\" sizes=\"(max-width: 580px) 100vw, 580px\" \/>\t\t\t\t\t\t\t\t<\/a>\n\t\t\t\t\t\t\t\t\t\t\t\t\t\t\t<\/div>\n\t\t\t\t<\/div>\n\t\t\t\t<div class=\"elementor-element elementor-element-b41c357 elementor-invisible elementor-widget elementor-widget-text-editor\" data-id=\"b41c357\" data-element_type=\"widget\" data-settings=\"{&quot;_animation&quot;:&quot;fadeInUp&quot;}\" data-widget_type=\"text-editor.default\">\n\t\t\t\t<div class=\"elementor-widget-container\">\n\t\t\t\t\t\t\t\t\tInterested in participating? Get in touch with us at qualidadegrandemataatlantica@gmail.com and become part of the Portal Network. \t\t\t\t\t\t\t\t<\/div>\n\t\t\t\t<\/div>\n\t\t\t\t<\/div>\n\t\t\t\t\t<\/div>\n\t\t\t\t<\/div>\n\t\t\t\t<\/div>\n\t\t","protected":false},"excerpt":{"rendered":"<p>Qualification Program The Atlantic Forest Great Reserve Qualification Program is an opportunity for tourism enterprises within the Portal Network to stand out as sustainable tourism options for a growing audience seeking this distinctive value. Aligned with the Charter of Principles, the Qualification Program provides differentiation for tourism services associated with the Portal Network as a [&hellip;]<\/p>\n","protected":false},"author":1,"featured_media":0,"parent":0,"menu_order":0,"comment_status":"closed","ping_status":"closed","template":"","meta":{"_joinchat":[],"footnotes":""},"class_list":["post-10812","page","type-page","status-publish","hentry"],"yoast_head":"<!-- This site is optimized with the Yoast SEO plugin v27.2 - https:\/\/yoast.com\/product\/yoast-seo-wordpress\/ -->\n<title>Qualification Program - Grande Reserva Mata Atl\u00e2ntica<\/title>\n<meta name=\"robots\" content=\"index, follow, max-snippet:-1, max-image-preview:large, max-video-preview:-1\" \/>\n<meta property=\"og:locale\" content=\"en_US\" \/>\n<meta property=\"og:type\" content=\"article\" \/>\n<meta property=\"og:title\" content=\"Qualification Program - Grande Reserva Mata Atl\u00e2ntica\" \/>\n<meta property=\"og:description\" content=\"Qualification Program The Atlantic Forest Great Reserve Qualification Program is an opportunity for tourism enterprises within the Portal Network to stand out as sustainable tourism options for a growing audience seeking this distinctive value. Aligned with the Charter of Principles, the Qualification Program provides differentiation for tourism services associated with the Portal Network as a [&hellip;]\" \/>\n<meta property=\"og:url\" content=\"https:\/\/grandereservamataatlantica.com.br\/programa-de-qualificacao\/\" \/>\n<meta property=\"og:site_name\" content=\"Grande Reserva Mata Atl\u00e2ntica\" \/>\n<meta property=\"article:publisher\" content=\"http:\/\/www.facebook.com\/GrandeReservaMataAtlantica\" \/>\n<meta property=\"article:modified_time\" content=\"2026-04-23T13:51:39+00:00\" \/>\n<meta property=\"og:image\" content=\"https:\/\/grandereservamataatlantica.com.br\/wp-content\/uploads\/2024\/05\/grande-reserva-mata-atlantica-programa-de-qualificacao-01.webp\" \/>\n\t<meta property=\"og:image:width\" content=\"832\" \/>\n\t<meta property=\"og:image:height\" content=\"230\" \/>\n\t<meta property=\"og:image:type\" content=\"image\/webp\" \/>\n<meta name=\"twitter:card\" content=\"summary_large_image\" \/>\n<meta name=\"twitter:label1\" content=\"Est. reading time\" \/>\n\t<meta name=\"twitter:data1\" content=\"1 minute\" \/>\n<script type=\"application\/ld+json\" class=\"yoast-schema-graph\">{\"@context\":\"https:\/\/schema.org\",\"@graph\":[{\"@type\":\"WebPage\",\"@id\":\"https:\/\/grandereservamataatlantica.com.br\/programa-de-qualificacao\/\",\"url\":\"https:\/\/grandereservamataatlantica.com.br\/programa-de-qualificacao\/\",\"name\":\"Qualification Program - Grande Reserva Mata Atl\u00e2ntica\",\"isPartOf\":{\"@id\":\"https:\/\/grandereservamataatlantica.com.br\/#website\"},\"primaryImageOfPage\":{\"@id\":\"https:\/\/grandereservamataatlantica.com.br\/programa-de-qualificacao\/#primaryimage\"},\"image\":{\"@id\":\"https:\/\/grandereservamataatlantica.com.br\/programa-de-qualificacao\/#primaryimage\"},\"thumbnailUrl\":\"https:\/\/grandereservamataatlantica.com.br\/wp-content\/uploads\/2024\/05\/grande-reserva-mata-atlantica-programa-de-qualificacao-01.webp\",\"datePublished\":\"2024-04-26T01:26:26+00:00\",\"dateModified\":\"2026-04-23T13:51:39+00:00\",\"breadcrumb\":{\"@id\":\"https:\/\/grandereservamataatlantica.com.br\/programa-de-qualificacao\/#breadcrumb\"},\"inLanguage\":\"en-US\",\"potentialAction\":[{\"@type\":\"ReadAction\",\"target\":[\"https:\/\/grandereservamataatlantica.com.br\/programa-de-qualificacao\/\"]}]},{\"@type\":\"ImageObject\",\"inLanguage\":\"en-US\",\"@id\":\"https:\/\/grandereservamataatlantica.com.br\/programa-de-qualificacao\/#primaryimage\",\"url\":\"https:\/\/grandereservamataatlantica.com.br\/wp-content\/uploads\/2024\/05\/grande-reserva-mata-atlantica-programa-de-qualificacao-01.webp\",\"contentUrl\":\"https:\/\/grandereservamataatlantica.com.br\/wp-content\/uploads\/2024\/05\/grande-reserva-mata-atlantica-programa-de-qualificacao-01.webp\"},{\"@type\":\"BreadcrumbList\",\"@id\":\"https:\/\/grandereservamataatlantica.com.br\/programa-de-qualificacao\/#breadcrumb\",\"itemListElement\":[{\"@type\":\"ListItem\",\"position\":1,\"name\":\"In\u00edcio\",\"item\":\"https:\/\/grandereservamataatlantica.com.br\/en\/\"},{\"@type\":\"ListItem\",\"position\":2,\"name\":\"Qualification Program\"}]},{\"@type\":\"WebSite\",\"@id\":\"https:\/\/grandereservamataatlantica.com.br\/#website\",\"url\":\"https:\/\/grandereservamataatlantica.com.br\/\",\"name\":\"Grande Reserva Mata Atl\u00e2ntica\",\"description\":\"O Maior cont\u00ednuo bem conservado de Mata Atl\u00e2ntica do Planeta\",\"publisher\":{\"@id\":\"https:\/\/grandereservamataatlantica.com.br\/#organization\"},\"potentialAction\":[{\"@type\":\"SearchAction\",\"target\":{\"@type\":\"EntryPoint\",\"urlTemplate\":\"https:\/\/grandereservamataatlantica.com.br\/?s={search_term_string}\"},\"query-input\":{\"@type\":\"PropertyValueSpecification\",\"valueRequired\":true,\"valueName\":\"search_term_string\"}}],\"inLanguage\":\"en-US\"},{\"@type\":\"Organization\",\"@id\":\"https:\/\/grandereservamataatlantica.com.br\/#organization\",\"name\":\"Grande Reserva Mata Atl\u00e2ntica\",\"url\":\"https:\/\/grandereservamataatlantica.com.br\/\",\"logo\":{\"@type\":\"ImageObject\",\"inLanguage\":\"en-US\",\"@id\":\"https:\/\/grandereservamataatlantica.com.br\/#\/schema\/logo\/image\/\",\"url\":\"https:\/\/grandereservamataatlantica.com.br\/wp-content\/uploads\/2024\/04\/grande-reserva-mata-atlantica-maior-continuo-bem-conservado-de-mata-atlantica-do-planeta-logo-branca.png\",\"contentUrl\":\"https:\/\/grandereservamataatlantica.com.br\/wp-content\/uploads\/2024\/04\/grande-reserva-mata-atlantica-maior-continuo-bem-conservado-de-mata-atlantica-do-planeta-logo-branca.png\",\"width\":220,\"height\":42,\"caption\":\"Grande Reserva Mata Atl\u00e2ntica\"},\"image\":{\"@id\":\"https:\/\/grandereservamataatlantica.com.br\/#\/schema\/logo\/image\/\"},\"sameAs\":[\"http:\/\/www.facebook.com\/GrandeReservaMataAtlantica\",\"http:\/\/www.instagram.com\/GrandeReservaMataAtlantica\",\"http:\/\/www.youtube.com\/channel\/UCWe7c6ACHa2sJnuuowDPj6g\"]}]}<\/script>\n<!-- \/ Yoast SEO plugin. -->","yoast_head_json":{"title":"Qualification Program - Grande Reserva Mata Atl\u00e2ntica","robots":{"index":"index","follow":"follow","max-snippet":"max-snippet:-1","max-image-preview":"max-image-preview:large","max-video-preview":"max-video-preview:-1"},"og_locale":"en_US","og_type":"article","og_title":"Qualification Program - Grande Reserva Mata Atl\u00e2ntica","og_description":"Qualification Program The Atlantic Forest Great Reserve Qualification Program is an opportunity for tourism enterprises within the Portal Network to stand out as sustainable tourism options for a growing audience seeking this distinctive value. Aligned with the Charter of Principles, the Qualification Program provides differentiation for tourism services associated with the Portal Network as a [&hellip;]","og_url":"https:\/\/grandereservamataatlantica.com.br\/programa-de-qualificacao\/","og_site_name":"Grande Reserva Mata Atl\u00e2ntica","article_publisher":"http:\/\/www.facebook.com\/GrandeReservaMataAtlantica","article_modified_time":"2026-04-23T13:51:39+00:00","og_image":[{"width":832,"height":230,"url":"https:\/\/grandereservamataatlantica.com.br\/wp-content\/uploads\/2024\/05\/grande-reserva-mata-atlantica-programa-de-qualificacao-01.webp","type":"image\/webp"}],"twitter_card":"summary_large_image","twitter_misc":{"Est. reading time":"1 minute"},"schema":{"@context":"https:\/\/schema.org","@graph":[{"@type":"WebPage","@id":"https:\/\/grandereservamataatlantica.com.br\/programa-de-qualificacao\/","url":"https:\/\/grandereservamataatlantica.com.br\/programa-de-qualificacao\/","name":"Qualification Program - Grande Reserva Mata Atl\u00e2ntica","isPartOf":{"@id":"https:\/\/grandereservamataatlantica.com.br\/#website"},"primaryImageOfPage":{"@id":"https:\/\/grandereservamataatlantica.com.br\/programa-de-qualificacao\/#primaryimage"},"image":{"@id":"https:\/\/grandereservamataatlantica.com.br\/programa-de-qualificacao\/#primaryimage"},"thumbnailUrl":"https:\/\/grandereservamataatlantica.com.br\/wp-content\/uploads\/2024\/05\/grande-reserva-mata-atlantica-programa-de-qualificacao-01.webp","datePublished":"2024-04-26T01:26:26+00:00","dateModified":"2026-04-23T13:51:39+00:00","breadcrumb":{"@id":"https:\/\/grandereservamataatlantica.com.br\/programa-de-qualificacao\/#breadcrumb"},"inLanguage":"en-US","potentialAction":[{"@type":"ReadAction","target":["https:\/\/grandereservamataatlantica.com.br\/programa-de-qualificacao\/"]}]},{"@type":"ImageObject","inLanguage":"en-US","@id":"https:\/\/grandereservamataatlantica.com.br\/programa-de-qualificacao\/#primaryimage","url":"https:\/\/grandereservamataatlantica.com.br\/wp-content\/uploads\/2024\/05\/grande-reserva-mata-atlantica-programa-de-qualificacao-01.webp","contentUrl":"https:\/\/grandereservamataatlantica.com.br\/wp-content\/uploads\/2024\/05\/grande-reserva-mata-atlantica-programa-de-qualificacao-01.webp"},{"@type":"BreadcrumbList","@id":"https:\/\/grandereservamataatlantica.com.br\/programa-de-qualificacao\/#breadcrumb","itemListElement":[{"@type":"ListItem","position":1,"name":"In\u00edcio","item":"https:\/\/grandereservamataatlantica.com.br\/en\/"},{"@type":"ListItem","position":2,"name":"Qualification Program"}]},{"@type":"WebSite","@id":"https:\/\/grandereservamataatlantica.com.br\/#website","url":"https:\/\/grandereservamataatlantica.com.br\/","name":"Grande Reserva Mata Atl\u00e2ntica","description":"O Maior cont\u00ednuo bem conservado de Mata Atl\u00e2ntica do Planeta","publisher":{"@id":"https:\/\/grandereservamataatlantica.com.br\/#organization"},"potentialAction":[{"@type":"SearchAction","target":{"@type":"EntryPoint","urlTemplate":"https:\/\/grandereservamataatlantica.com.br\/?s={search_term_string}"},"query-input":{"@type":"PropertyValueSpecification","valueRequired":true,"valueName":"search_term_string"}}],"inLanguage":"en-US"},{"@type":"Organization","@id":"https:\/\/grandereservamataatlantica.com.br\/#organization","name":"Grande Reserva Mata Atl\u00e2ntica","url":"https:\/\/grandereservamataatlantica.com.br\/","logo":{"@type":"ImageObject","inLanguage":"en-US","@id":"https:\/\/grandereservamataatlantica.com.br\/#\/schema\/logo\/image\/","url":"https:\/\/grandereservamataatlantica.com.br\/wp-content\/uploads\/2024\/04\/grande-reserva-mata-atlantica-maior-continuo-bem-conservado-de-mata-atlantica-do-planeta-logo-branca.png","contentUrl":"https:\/\/grandereservamataatlantica.com.br\/wp-content\/uploads\/2024\/04\/grande-reserva-mata-atlantica-maior-continuo-bem-conservado-de-mata-atlantica-do-planeta-logo-branca.png","width":220,"height":42,"caption":"Grande Reserva Mata Atl\u00e2ntica"},"image":{"@id":"https:\/\/grandereservamataatlantica.com.br\/#\/schema\/logo\/image\/"},"sameAs":["http:\/\/www.facebook.com\/GrandeReservaMataAtlantica","http:\/\/www.instagram.com\/GrandeReservaMataAtlantica","http:\/\/www.youtube.com\/channel\/UCWe7c6ACHa2sJnuuowDPj6g"]}]}},"_links":{"self":[{"href":"https:\/\/grandereservamataatlantica.com.br\/en\/wp-json\/wp\/v2\/pages\/10812","targetHints":{"allow":["GET"]}}],"collection":[{"href":"https:\/\/grandereservamataatlantica.com.br\/en\/wp-json\/wp\/v2\/pages"}],"about":[{"href":"https:\/\/grandereservamataatlantica.com.br\/en\/wp-json\/wp\/v2\/types\/page"}],"author":[{"embeddable":true,"href":"https:\/\/grandereservamataatlantica.com.br\/en\/wp-json\/wp\/v2\/users\/1"}],"replies":[{"embeddable":true,"href":"https:\/\/grandereservamataatlantica.com.br\/en\/wp-json\/wp\/v2\/comments?post=10812"}],"version-history":[{"count":9,"href":"https:\/\/grandereservamataatlantica.com.br\/en\/wp-json\/wp\/v2\/pages\/10812\/revisions"}],"predecessor-version":[{"id":12180,"href":"https:\/\/grandereservamataatlantica.com.br\/en\/wp-json\/wp\/v2\/pages\/10812\/revisions\/12180"}],"wp:attachment":[{"href":"https:\/\/grandereservamataatlantica.com.br\/en\/wp-json\/wp\/v2\/media?parent=10812"}],"curies":[{"name":"wp","href":"https:\/\/api.w.org\/{rel}","templated":true}]}}