{"id":10689,"date":"2024-04-25T22:31:49","date_gmt":"2024-04-26T01:31:49","guid":{"rendered":"https:\/\/grandereservamataatlantica.com.br\/protected-areas\/"},"modified":"2026-01-08T00:07:22","modified_gmt":"2026-01-08T03:07:22","slug":"protected-areas","status":"publish","type":"page","link":"https:\/\/grandereservamataatlantica.com.br\/en\/protected-areas\/","title":{"rendered":"Protected Areas"},"content":{"rendered":"\t\t<div data-elementor-type=\"wp-page\" data-elementor-id=\"10689\" class=\"elementor elementor-10689 elementor-253\" data-elementor-post-type=\"page\">\n\t\t\t\t<div class=\"elementor-element elementor-element-3821a04 e-flex e-con-boxed e-con e-parent\" data-id=\"3821a04\" data-element_type=\"container\" data-settings=\"{&quot;background_background&quot;:&quot;classic&quot;,&quot;jet_parallax_layout_list&quot;:[]}\">\n\t\t\t\t\t<div class=\"e-con-inner\">\n\t\t<div class=\"elementor-element elementor-element-4075085 e-con-full e-flex e-con e-child\" data-id=\"4075085\" data-element_type=\"container\" data-settings=\"{&quot;jet_parallax_layout_list&quot;:[]}\">\n\t\t\t\t<div class=\"elementor-element elementor-element-b6518b9 elementor-invisible elementor-widget elementor-widget-heading\" data-id=\"b6518b9\" data-element_type=\"widget\" data-settings=\"{&quot;_animation&quot;:&quot;fadeInUp&quot;}\" data-widget_type=\"heading.default\">\n\t\t\t\t<div class=\"elementor-widget-container\">\n\t\t\t\t\t<h3 class=\"elementor-heading-title elementor-size-default\">Protected Areas<\/h3>\t\t\t\t<\/div>\n\t\t\t\t<\/div>\n\t\t\t\t<\/div>\n\t\t\t\t\t<\/div>\n\t\t\t\t<\/div>\n\t\t<div class=\"elementor-element elementor-element-ccbe224 e-flex e-con-boxed e-con e-parent\" data-id=\"ccbe224\" data-element_type=\"container\" data-settings=\"{&quot;jet_parallax_layout_list&quot;:[]}\">\n\t\t\t\t\t<div class=\"e-con-inner\">\n\t\t<div class=\"elementor-element elementor-element-232ded9 e-con-full e-flex e-con e-child\" data-id=\"232ded9\" data-element_type=\"container\" data-settings=\"{&quot;jet_parallax_layout_list&quot;:[]}\">\n\t\t\t\t<div class=\"elementor-element elementor-element-5ca4f92 elementor-invisible elementor-widget elementor-widget-text-editor\" data-id=\"5ca4f92\" data-element_type=\"widget\" data-settings=\"{&quot;_animation&quot;:&quot;fadeInUp&quot;}\" data-widget_type=\"text-editor.default\">\n\t\t\t\t<div class=\"elementor-widget-container\">\n\t\t\t\t\t\t\t\t\t<p>Brazil is one of the most competitive countries in the world regarding its natural resources (WEF, 2019), and this wealth is largely found within the limits of Conservation Units throughout the country. The history of protected areas in Brazil began in 1934, when the Constitution started to regard nature as a national heritage to be preserved. Furthermore, the Forest Code of the same year established the first legal criteria for the protection of ecosystems, culminating in 1937 with the creation of the first Brazilian Conservation Unit, the Itatiaia National Park in the Atlantic Forest of Rio de Janeiro (MEDEIROS, 2004). Since then, many other units from different management categories have been created throughout the territory and in different biomes, making this one of the main national strategies to ensure the conservation of nature, especially in areas with a high risk of disappearing.<\/p><p>In the Atlantic Forest Great Reserve, the first Conservation Unit created was the Alto Ribeira Tourist State Park (PETAR) in 1958, followed by the Cardoso Island State Park four years later. In the Paran\u00e1 portion, the first unit was the Lauraceae State Park in 1979, where the first federal unit was also created, the Guaraque\u00e7aba Ecological Station, in 1982. At this moment, a large part of the Atlantic Forest had already been devastated throughout Brazil after decades of extractive exploitation (DEAN, 1996). Remnants like this have become increasingly rare throughout the country, and their importance for the conservation of nature motivated the creation of an extensive mosaic of protected areas of various categories across this territory in the following decades, especially from the 2000s with the establishment of the National System of Conservation Units (SNUC).<\/p>\t\t\t\t\t\t\t\t<\/div>\n\t\t\t\t<\/div>\n\t\t\t\t<\/div>\n\t\t<div class=\"elementor-element elementor-element-5c5c0dd e-con-full e-flex e-con e-child\" data-id=\"5c5c0dd\" data-element_type=\"container\" data-settings=\"{&quot;jet_parallax_layout_list&quot;:[]}\">\n\t\t\t\t<div class=\"elementor-element elementor-element-f6cb8fe elementor-invisible elementor-widget elementor-widget-image\" data-id=\"f6cb8fe\" data-element_type=\"widget\" data-settings=\"{&quot;_animation&quot;:&quot;fadeInUp&quot;}\" data-widget_type=\"image.default\">\n\t\t\t\t<div class=\"elementor-widget-container\">\n\t\t\t\t\t\t\t\t\t\t\t\t\t\t\t<img fetchpriority=\"high\" decoding=\"async\" width=\"576\" height=\"1024\" src=\"https:\/\/grandereservamataatlantica.com.br\/wp-content\/uploads\/2024\/09\/grande-reserva-mata-atlantica-maior-continuo-bem-conservado-de-mata-atlantica-do-planeta-releases-B-areas-protegidas.jpg\" class=\"elementor-animation-float attachment-large size-large wp-image-6502\" alt=\"\" srcset=\"https:\/\/grandereservamataatlantica.com.br\/wp-content\/uploads\/2024\/09\/grande-reserva-mata-atlantica-maior-continuo-bem-conservado-de-mata-atlantica-do-planeta-releases-B-areas-protegidas.jpg 576w, https:\/\/grandereservamataatlantica.com.br\/wp-content\/uploads\/2024\/09\/grande-reserva-mata-atlantica-maior-continuo-bem-conservado-de-mata-atlantica-do-planeta-releases-B-areas-protegidas-169x300.jpg 169w\" sizes=\"(max-width: 576px) 100vw, 576px\" \/>\t\t\t\t\t\t\t\t\t\t\t\t\t\t\t<\/div>\n\t\t\t\t<\/div>\n\t\t\t\t<\/div>\n\t\t\t\t\t<\/div>\n\t\t\t\t<\/div>\n\t\t<div class=\"elementor-element elementor-element-9090d5b e-con-full e-flex elementor-invisible e-con e-parent\" data-id=\"9090d5b\" data-element_type=\"container\" data-settings=\"{&quot;jet_parallax_layout_list&quot;:[],&quot;animation&quot;:&quot;fadeInUp&quot;}\">\n\t\t<div class=\"elementor-element elementor-element-44b0341 e-con-full e-flex e-con e-child\" data-id=\"44b0341\" data-element_type=\"container\" data-settings=\"{&quot;jet_parallax_layout_list&quot;:[]}\">\n\t\t\t\t<div class=\"elementor-element elementor-element-f30b644 elementor-widget elementor-widget-tfcarousel\" data-id=\"f30b644\" data-element_type=\"widget\" data-widget_type=\"tfcarousel.default\">\n\t\t\t\t<div class=\"elementor-widget-container\">\n\t\t\t\t\t\t\t<div class=\"tf-carousel-box no-arrow no-bullets\" data-loop=\"yes\" data-auto=\"yes\" data-column=\"6\" data-column2=\"2\" data-column3=\"1\" data-spacer=\"10\" data-prev_icon=\"\" data-next_icon=\"\">\r\n\t\t\t<div class=\"owl-carousel owl-theme\">\r\n\t\t\t\t\t\t\t\t\t\t\t\t<div class=\"item\"><img decoding=\"async\" src=\"https:\/\/grandereservamataatlantica.com.br\/wp-content\/uploads\/2026\/01\/grande-reserva-mata-atlantica-maior-continuo-bem-conservado-de-mata-atlantica-do-planeta-21-en.png\" alt=\"image\"><\/div>\r\n\t\t\t\t\t\t\t\t\t\t\t\t\t\t\t\t<div class=\"item\"><img decoding=\"async\" src=\"https:\/\/grandereservamataatlantica.com.br\/wp-content\/uploads\/2026\/01\/grande-reserva-mata-atlantica-maior-continuo-bem-conservado-de-mata-atlantica-do-planeta-58-en.png\" alt=\"image\"><\/div>\r\n\t\t\t\t\t\t\t\t\t\t\t\t\t\t\t\t<div class=\"item\"><img decoding=\"async\" src=\"https:\/\/grandereservamataatlantica.com.br\/wp-content\/uploads\/2026\/01\/grande-reserva-mata-atlantica-maior-continuo-bem-conservado-de-mata-atlantica-do-planeta-665-en.png\" alt=\"image\"><\/div>\r\n\t\t\t\t\t\t\t\t\t\t\t\t\t\t\t\t<div class=\"item\"><img decoding=\"async\" src=\"https:\/\/grandereservamataatlantica.com.br\/wp-content\/uploads\/2026\/01\/grande-reserva-mata-atlantica-maior-continuo-bem-conservado-de-mata-atlantica-do-planeta-52-en.png\" alt=\"image\"><\/div>\r\n\t\t\t\t\t\t\t\t\t\t\t\t\t\t\t\t<div class=\"item\"><img decoding=\"async\" src=\"https:\/\/grandereservamataatlantica.com.br\/wp-content\/uploads\/2026\/01\/grande-reserva-mata-atlantica-maior-continuo-bem-conservado-de-mata-atlantica-do-planeta-110.png\" alt=\"image\"><\/div>\r\n\t\t\t\t\t\t\t\t\t\t\t\r\n\t\t\t<\/div>\r\n\t\t<\/div>\r\n\t\t\t\t\t\t<\/div>\n\t\t\t\t<\/div>\n\t\t\t\t<\/div>\n\t\t\t\t<\/div>\n\t\t<div class=\"elementor-element elementor-element-9b41f8a e-flex e-con-boxed e-con e-parent\" data-id=\"9b41f8a\" data-element_type=\"container\" data-settings=\"{&quot;jet_parallax_layout_list&quot;:[]}\">\n\t\t\t\t\t<div class=\"e-con-inner\">\n\t\t<div class=\"elementor-element elementor-element-7e49da8 e-con-full e-flex e-con e-child\" data-id=\"7e49da8\" data-element_type=\"container\" data-settings=\"{&quot;jet_parallax_layout_list&quot;:[]}\">\n\t\t\t\t<div class=\"elementor-element elementor-element-8efc64b elementor-invisible elementor-widget elementor-widget-text-editor\" data-id=\"8efc64b\" data-element_type=\"widget\" data-settings=\"{&quot;_animation&quot;:&quot;fadeInUp&quot;}\" data-widget_type=\"text-editor.default\">\n\t\t\t\t<div class=\"elementor-widget-container\">\n\t\t\t\t\t\t\t\t\t<p>Around the world, countries with distinct characteristics and resources have their own tools for the protection of natural heritage; however, the creation of protected areas is one of the main strategies adopted for this purpose. In Brazil, the National System of Conservation Units (SNUC), established in the year 2000 by Law No. 9,985, is responsible for establishing criteria and standards for the creation, implementation, and management of the Conservation Units.<\/p><p>There are twelve main categories with different objectives and characteristics, most of which already exist within the territory of the Atlantic Forest Great Reserve. Conservation Units can be created at various jurisdictional levels: at the national level, where the responsible agency is the Chico Mendes Institute for Biodiversity Conservation (ICMBio); at the state level, these are the responsibility of the environmental agencies, in the present case, the Instituto do Meio Ambiente (IMA-SC), the Instituto \u00c1gua e Terra (IAT-PR), and the Funda\u00e7\u00e3o Florestal (FF-SP); at the municipal level, this responsibility falls to the respective municipality&#8217;s Secretariat of Environment.<\/p><p><b>These categories are divided into two groups:<br><br><\/b><\/p><p><b>\u2022 Strict Protection Units: Their main objective is the protection and conservation of nature, allowing only the indirect use of natural resources.<\/b> In these areas, there can be no human occupation and, in the case of Biological Reserves and Ecological Stations, visitation is not allowed;<\/p><p><b>\u2022 Sustainable Use Units: They reconcile the use and management of a portion of their natural resources with nature conservation.<\/b> Many traditional populations live in these areas, with the exception of the Private Natural Heritage Reserve (RPPN), which is classified as sustainable use, but is privately owned.<\/p>\t\t\t\t\t\t\t\t<\/div>\n\t\t\t\t<\/div>\n\t\t\t\t<\/div>\n\t\t<div class=\"elementor-element elementor-element-3c661a3 e-con-full e-flex e-con e-child\" data-id=\"3c661a3\" data-element_type=\"container\" data-settings=\"{&quot;jet_parallax_layout_list&quot;:[]}\">\n\t\t\t\t<div class=\"elementor-element elementor-element-484dedf elementor-invisible elementor-widget elementor-widget-image\" data-id=\"484dedf\" data-element_type=\"widget\" data-settings=\"{&quot;_animation&quot;:&quot;fadeInUp&quot;}\" data-widget_type=\"image.default\">\n\t\t\t\t<div class=\"elementor-widget-container\">\n\t\t\t\t\t\t\t\t\t\t\t\t\t\t\t<img decoding=\"async\" width=\"576\" height=\"1024\" src=\"https:\/\/grandereservamataatlantica.com.br\/wp-content\/uploads\/2024\/09\/grande-reserva-mata-atlantica-maior-continuo-bem-conservado-de-mata-atlantica-do-planeta-releases-B-1-areas-protegidas.jpg\" class=\"elementor-animation-float attachment-large size-large wp-image-6501\" alt=\"\" srcset=\"https:\/\/grandereservamataatlantica.com.br\/wp-content\/uploads\/2024\/09\/grande-reserva-mata-atlantica-maior-continuo-bem-conservado-de-mata-atlantica-do-planeta-releases-B-1-areas-protegidas.jpg 576w, https:\/\/grandereservamataatlantica.com.br\/wp-content\/uploads\/2024\/09\/grande-reserva-mata-atlantica-maior-continuo-bem-conservado-de-mata-atlantica-do-planeta-releases-B-1-areas-protegidas-169x300.jpg 169w\" sizes=\"(max-width: 576px) 100vw, 576px\" \/>\t\t\t\t\t\t\t\t\t\t\t\t\t\t\t<\/div>\n\t\t\t\t<\/div>\n\t\t\t\t<\/div>\n\t\t\t\t\t<\/div>\n\t\t\t\t<\/div>\n\t\t\t\t<\/div>\n\t\t","protected":false},"excerpt":{"rendered":"<p>Protected Areas Brazil is one of the most competitive countries in the world regarding its natural resources (WEF, 2019), and this wealth is largely found within the limits of Conservation Units throughout the country. The history of protected areas in Brazil began in 1934, when the Constitution started to regard nature as a national heritage [&hellip;]<\/p>\n","protected":false},"author":1,"featured_media":0,"parent":0,"menu_order":0,"comment_status":"closed","ping_status":"closed","template":"","meta":{"_joinchat":[],"footnotes":""},"class_list":["post-10689","page","type-page","status-publish","hentry"],"yoast_head":"<!-- This site is optimized with the Yoast SEO plugin v27.2 - https:\/\/yoast.com\/product\/yoast-seo-wordpress\/ -->\n<title>Protected Areas - Grande Reserva Mata Atl\u00e2ntica<\/title>\n<meta name=\"robots\" content=\"index, follow, max-snippet:-1, max-image-preview:large, max-video-preview:-1\" \/>\n<meta property=\"og:locale\" content=\"en_US\" \/>\n<meta property=\"og:type\" content=\"article\" \/>\n<meta property=\"og:title\" content=\"Protected Areas - Grande Reserva Mata Atl\u00e2ntica\" \/>\n<meta property=\"og:description\" content=\"Protected Areas Brazil is one of the most competitive countries in the world regarding its natural resources (WEF, 2019), and this wealth is largely found within the limits of Conservation Units throughout the country. The history of protected areas in Brazil began in 1934, when the Constitution started to regard nature as a national heritage [&hellip;]\" \/>\n<meta property=\"og:url\" content=\"https:\/\/grandereservamataatlantica.com.br\/en\/protected-areas\/\" \/>\n<meta property=\"og:site_name\" content=\"Grande Reserva Mata Atl\u00e2ntica\" \/>\n<meta property=\"article:publisher\" content=\"http:\/\/www.facebook.com\/GrandeReservaMataAtlantica\" \/>\n<meta property=\"article:modified_time\" content=\"2026-01-08T03:07:22+00:00\" \/>\n<meta property=\"og:image\" content=\"https:\/\/grandereservamataatlantica.com.br\/wp-content\/uploads\/2024\/09\/grande-reserva-mata-atlantica-maior-continuo-bem-conservado-de-mata-atlantica-do-planeta-releases-B-areas-protegidas.jpg\" \/>\n\t<meta property=\"og:image:width\" content=\"576\" \/>\n\t<meta property=\"og:image:height\" content=\"1024\" \/>\n\t<meta property=\"og:image:type\" content=\"image\/jpeg\" \/>\n<meta name=\"twitter:card\" content=\"summary_large_image\" \/>\n<meta name=\"twitter:label1\" content=\"Est. reading time\" \/>\n\t<meta name=\"twitter:data1\" content=\"7 minutes\" \/>\n<script type=\"application\/ld+json\" class=\"yoast-schema-graph\">{\"@context\":\"https:\/\/schema.org\",\"@graph\":[{\"@type\":\"WebPage\",\"@id\":\"https:\/\/grandereservamataatlantica.com.br\/en\/protected-areas\/\",\"url\":\"https:\/\/grandereservamataatlantica.com.br\/en\/protected-areas\/\",\"name\":\"Protected Areas - Grande Reserva Mata Atl\u00e2ntica\",\"isPartOf\":{\"@id\":\"https:\/\/grandereservamataatlantica.com.br\/#website\"},\"primaryImageOfPage\":{\"@id\":\"https:\/\/grandereservamataatlantica.com.br\/en\/protected-areas\/#primaryimage\"},\"image\":{\"@id\":\"https:\/\/grandereservamataatlantica.com.br\/en\/protected-areas\/#primaryimage\"},\"thumbnailUrl\":\"https:\/\/grandereservamataatlantica.com.br\/wp-content\/uploads\/2024\/09\/grande-reserva-mata-atlantica-maior-continuo-bem-conservado-de-mata-atlantica-do-planeta-releases-B-areas-protegidas.jpg\",\"datePublished\":\"2024-04-26T01:31:49+00:00\",\"dateModified\":\"2026-01-08T03:07:22+00:00\",\"breadcrumb\":{\"@id\":\"https:\/\/grandereservamataatlantica.com.br\/en\/protected-areas\/#breadcrumb\"},\"inLanguage\":\"en-US\",\"potentialAction\":[{\"@type\":\"ReadAction\",\"target\":[\"https:\/\/grandereservamataatlantica.com.br\/en\/protected-areas\/\"]}]},{\"@type\":\"ImageObject\",\"inLanguage\":\"en-US\",\"@id\":\"https:\/\/grandereservamataatlantica.com.br\/en\/protected-areas\/#primaryimage\",\"url\":\"https:\/\/grandereservamataatlantica.com.br\/wp-content\/uploads\/2024\/09\/grande-reserva-mata-atlantica-maior-continuo-bem-conservado-de-mata-atlantica-do-planeta-releases-B-areas-protegidas.jpg\",\"contentUrl\":\"https:\/\/grandereservamataatlantica.com.br\/wp-content\/uploads\/2024\/09\/grande-reserva-mata-atlantica-maior-continuo-bem-conservado-de-mata-atlantica-do-planeta-releases-B-areas-protegidas.jpg\"},{\"@type\":\"BreadcrumbList\",\"@id\":\"https:\/\/grandereservamataatlantica.com.br\/en\/protected-areas\/#breadcrumb\",\"itemListElement\":[{\"@type\":\"ListItem\",\"position\":1,\"name\":\"In\u00edcio\",\"item\":\"https:\/\/grandereservamataatlantica.com.br\/en\/\"},{\"@type\":\"ListItem\",\"position\":2,\"name\":\"Protected Areas\"}]},{\"@type\":\"WebSite\",\"@id\":\"https:\/\/grandereservamataatlantica.com.br\/#website\",\"url\":\"https:\/\/grandereservamataatlantica.com.br\/\",\"name\":\"Grande Reserva Mata Atl\u00e2ntica\",\"description\":\"O Maior cont\u00ednuo bem conservado de Mata Atl\u00e2ntica do Planeta\",\"publisher\":{\"@id\":\"https:\/\/grandereservamataatlantica.com.br\/#organization\"},\"potentialAction\":[{\"@type\":\"SearchAction\",\"target\":{\"@type\":\"EntryPoint\",\"urlTemplate\":\"https:\/\/grandereservamataatlantica.com.br\/?s={search_term_string}\"},\"query-input\":{\"@type\":\"PropertyValueSpecification\",\"valueRequired\":true,\"valueName\":\"search_term_string\"}}],\"inLanguage\":\"en-US\"},{\"@type\":\"Organization\",\"@id\":\"https:\/\/grandereservamataatlantica.com.br\/#organization\",\"name\":\"Grande Reserva Mata Atl\u00e2ntica\",\"url\":\"https:\/\/grandereservamataatlantica.com.br\/\",\"logo\":{\"@type\":\"ImageObject\",\"inLanguage\":\"en-US\",\"@id\":\"https:\/\/grandereservamataatlantica.com.br\/#\/schema\/logo\/image\/\",\"url\":\"https:\/\/grandereservamataatlantica.com.br\/wp-content\/uploads\/2024\/04\/grande-reserva-mata-atlantica-maior-continuo-bem-conservado-de-mata-atlantica-do-planeta-logo-branca.png\",\"contentUrl\":\"https:\/\/grandereservamataatlantica.com.br\/wp-content\/uploads\/2024\/04\/grande-reserva-mata-atlantica-maior-continuo-bem-conservado-de-mata-atlantica-do-planeta-logo-branca.png\",\"width\":220,\"height\":42,\"caption\":\"Grande Reserva Mata Atl\u00e2ntica\"},\"image\":{\"@id\":\"https:\/\/grandereservamataatlantica.com.br\/#\/schema\/logo\/image\/\"},\"sameAs\":[\"http:\/\/www.facebook.com\/GrandeReservaMataAtlantica\",\"http:\/\/www.instagram.com\/GrandeReservaMataAtlantica\",\"http:\/\/www.youtube.com\/channel\/UCWe7c6ACHa2sJnuuowDPj6g\"]}]}<\/script>\n<!-- \/ Yoast SEO plugin. -->","yoast_head_json":{"title":"Protected Areas - Grande Reserva Mata Atl\u00e2ntica","robots":{"index":"index","follow":"follow","max-snippet":"max-snippet:-1","max-image-preview":"max-image-preview:large","max-video-preview":"max-video-preview:-1"},"og_locale":"en_US","og_type":"article","og_title":"Protected Areas - Grande Reserva Mata Atl\u00e2ntica","og_description":"Protected Areas Brazil is one of the most competitive countries in the world regarding its natural resources (WEF, 2019), and this wealth is largely found within the limits of Conservation Units throughout the country. The history of protected areas in Brazil began in 1934, when the Constitution started to regard nature as a national heritage [&hellip;]","og_url":"https:\/\/grandereservamataatlantica.com.br\/en\/protected-areas\/","og_site_name":"Grande Reserva Mata Atl\u00e2ntica","article_publisher":"http:\/\/www.facebook.com\/GrandeReservaMataAtlantica","article_modified_time":"2026-01-08T03:07:22+00:00","og_image":[{"width":576,"height":1024,"url":"https:\/\/grandereservamataatlantica.com.br\/wp-content\/uploads\/2024\/09\/grande-reserva-mata-atlantica-maior-continuo-bem-conservado-de-mata-atlantica-do-planeta-releases-B-areas-protegidas.jpg","type":"image\/jpeg"}],"twitter_card":"summary_large_image","twitter_misc":{"Est. reading time":"7 minutes"},"schema":{"@context":"https:\/\/schema.org","@graph":[{"@type":"WebPage","@id":"https:\/\/grandereservamataatlantica.com.br\/en\/protected-areas\/","url":"https:\/\/grandereservamataatlantica.com.br\/en\/protected-areas\/","name":"Protected Areas - Grande Reserva Mata Atl\u00e2ntica","isPartOf":{"@id":"https:\/\/grandereservamataatlantica.com.br\/#website"},"primaryImageOfPage":{"@id":"https:\/\/grandereservamataatlantica.com.br\/en\/protected-areas\/#primaryimage"},"image":{"@id":"https:\/\/grandereservamataatlantica.com.br\/en\/protected-areas\/#primaryimage"},"thumbnailUrl":"https:\/\/grandereservamataatlantica.com.br\/wp-content\/uploads\/2024\/09\/grande-reserva-mata-atlantica-maior-continuo-bem-conservado-de-mata-atlantica-do-planeta-releases-B-areas-protegidas.jpg","datePublished":"2024-04-26T01:31:49+00:00","dateModified":"2026-01-08T03:07:22+00:00","breadcrumb":{"@id":"https:\/\/grandereservamataatlantica.com.br\/en\/protected-areas\/#breadcrumb"},"inLanguage":"en-US","potentialAction":[{"@type":"ReadAction","target":["https:\/\/grandereservamataatlantica.com.br\/en\/protected-areas\/"]}]},{"@type":"ImageObject","inLanguage":"en-US","@id":"https:\/\/grandereservamataatlantica.com.br\/en\/protected-areas\/#primaryimage","url":"https:\/\/grandereservamataatlantica.com.br\/wp-content\/uploads\/2024\/09\/grande-reserva-mata-atlantica-maior-continuo-bem-conservado-de-mata-atlantica-do-planeta-releases-B-areas-protegidas.jpg","contentUrl":"https:\/\/grandereservamataatlantica.com.br\/wp-content\/uploads\/2024\/09\/grande-reserva-mata-atlantica-maior-continuo-bem-conservado-de-mata-atlantica-do-planeta-releases-B-areas-protegidas.jpg"},{"@type":"BreadcrumbList","@id":"https:\/\/grandereservamataatlantica.com.br\/en\/protected-areas\/#breadcrumb","itemListElement":[{"@type":"ListItem","position":1,"name":"In\u00edcio","item":"https:\/\/grandereservamataatlantica.com.br\/en\/"},{"@type":"ListItem","position":2,"name":"Protected Areas"}]},{"@type":"WebSite","@id":"https:\/\/grandereservamataatlantica.com.br\/#website","url":"https:\/\/grandereservamataatlantica.com.br\/","name":"Grande Reserva Mata Atl\u00e2ntica","description":"O Maior cont\u00ednuo bem conservado de Mata Atl\u00e2ntica do Planeta","publisher":{"@id":"https:\/\/grandereservamataatlantica.com.br\/#organization"},"potentialAction":[{"@type":"SearchAction","target":{"@type":"EntryPoint","urlTemplate":"https:\/\/grandereservamataatlantica.com.br\/?s={search_term_string}"},"query-input":{"@type":"PropertyValueSpecification","valueRequired":true,"valueName":"search_term_string"}}],"inLanguage":"en-US"},{"@type":"Organization","@id":"https:\/\/grandereservamataatlantica.com.br\/#organization","name":"Grande Reserva Mata Atl\u00e2ntica","url":"https:\/\/grandereservamataatlantica.com.br\/","logo":{"@type":"ImageObject","inLanguage":"en-US","@id":"https:\/\/grandereservamataatlantica.com.br\/#\/schema\/logo\/image\/","url":"https:\/\/grandereservamataatlantica.com.br\/wp-content\/uploads\/2024\/04\/grande-reserva-mata-atlantica-maior-continuo-bem-conservado-de-mata-atlantica-do-planeta-logo-branca.png","contentUrl":"https:\/\/grandereservamataatlantica.com.br\/wp-content\/uploads\/2024\/04\/grande-reserva-mata-atlantica-maior-continuo-bem-conservado-de-mata-atlantica-do-planeta-logo-branca.png","width":220,"height":42,"caption":"Grande Reserva Mata Atl\u00e2ntica"},"image":{"@id":"https:\/\/grandereservamataatlantica.com.br\/#\/schema\/logo\/image\/"},"sameAs":["http:\/\/www.facebook.com\/GrandeReservaMataAtlantica","http:\/\/www.instagram.com\/GrandeReservaMataAtlantica","http:\/\/www.youtube.com\/channel\/UCWe7c6ACHa2sJnuuowDPj6g"]}]}},"_links":{"self":[{"href":"https:\/\/grandereservamataatlantica.com.br\/en\/wp-json\/wp\/v2\/pages\/10689","targetHints":{"allow":["GET"]}}],"collection":[{"href":"https:\/\/grandereservamataatlantica.com.br\/en\/wp-json\/wp\/v2\/pages"}],"about":[{"href":"https:\/\/grandereservamataatlantica.com.br\/en\/wp-json\/wp\/v2\/types\/page"}],"author":[{"embeddable":true,"href":"https:\/\/grandereservamataatlantica.com.br\/en\/wp-json\/wp\/v2\/users\/1"}],"replies":[{"embeddable":true,"href":"https:\/\/grandereservamataatlantica.com.br\/en\/wp-json\/wp\/v2\/comments?post=10689"}],"version-history":[{"count":3,"href":"https:\/\/grandereservamataatlantica.com.br\/en\/wp-json\/wp\/v2\/pages\/10689\/revisions"}],"predecessor-version":[{"id":11574,"href":"https:\/\/grandereservamataatlantica.com.br\/en\/wp-json\/wp\/v2\/pages\/10689\/revisions\/11574"}],"wp:attachment":[{"href":"https:\/\/grandereservamataatlantica.com.br\/en\/wp-json\/wp\/v2\/media?parent=10689"}],"curies":[{"name":"wp","href":"https:\/\/api.w.org\/{rel}","templated":true}]}}