{"id":10595,"date":"2024-04-27T18:28:40","date_gmt":"2024-04-27T21:28:40","guid":{"rendered":"https:\/\/grandereservamataatlantica.com.br\/in-the-media\/"},"modified":"2025-12-17T12:07:56","modified_gmt":"2025-12-17T15:07:56","slug":"in-the-media","status":"publish","type":"page","link":"https:\/\/grandereservamataatlantica.com.br\/en\/in-the-media\/","title":{"rendered":"In the Media"},"content":{"rendered":"\t\t<div data-elementor-type=\"wp-page\" data-elementor-id=\"10595\" class=\"elementor elementor-10595 elementor-608\" data-elementor-post-type=\"page\">\n\t\t\t\t<div class=\"elementor-element elementor-element-a4c38d7 e-flex e-con-boxed e-con e-parent\" data-id=\"a4c38d7\" data-element_type=\"container\" data-settings=\"{&quot;background_background&quot;:&quot;classic&quot;,&quot;jet_parallax_layout_list&quot;:[]}\">\n\t\t\t\t\t<div class=\"e-con-inner\">\n\t\t<div class=\"elementor-element elementor-element-17529a3 e-con-full e-flex e-con e-child\" data-id=\"17529a3\" data-element_type=\"container\" data-settings=\"{&quot;jet_parallax_layout_list&quot;:[]}\">\n\t\t\t\t<div class=\"elementor-element elementor-element-78a2b59 elementor-invisible elementor-widget elementor-widget-heading\" data-id=\"78a2b59\" data-element_type=\"widget\" data-settings=\"{&quot;_animation&quot;:&quot;fadeInUp&quot;}\" data-widget_type=\"heading.default\">\n\t\t\t\t<div class=\"elementor-widget-container\">\n\t\t\t\t\t<h3 class=\"elementor-heading-title elementor-size-default\">In the Media<br><br><\/h3>\t\t\t\t<\/div>\n\t\t\t\t<\/div>\n\t\t\t\t<div class=\"elementor-element elementor-element-2eab488 elementor-widget__width-initial elementor-widget elementor-widget-text-editor\" data-id=\"2eab488\" data-element_type=\"widget\" data-widget_type=\"text-editor.default\">\n\t\t\t\t<div class=\"elementor-widget-container\">\n\t\t\t\t\t\t\t\t\t<div class=\"slide-content-container slide-content-left\"><div class=\"slide-content\"><div class=\"caption \"><div class=\"fusion-title-sc-wrapper\"><div class=\"fusion-title title fusion-title-2 fusion-sep-none fusion-title-text fusion-title-size-three\"><div class=\"text-slide-grma\">Stay up to date with all our latest updates<\/div><\/div><\/div><\/div><\/div><\/div>\t\t\t\t\t\t\t\t<\/div>\n\t\t\t\t<\/div>\n\t\t\t\t<\/div>\n\t\t\t\t\t<\/div>\n\t\t\t\t<\/div>\n\t\t\t\t<section class=\"elementor-section elementor-top-section elementor-element elementor-element-4a40087 elementor-section-boxed elementor-section-height-default elementor-section-height-default\" data-id=\"4a40087\" data-element_type=\"section\" data-settings=\"{&quot;jet_parallax_layout_list&quot;:[]}\">\n\t\t\t\t\t\t<div class=\"elementor-container elementor-column-gap-default\">\n\t\t\t\t\t<div class=\"elementor-column elementor-col-100 elementor-top-column elementor-element elementor-element-2cb5533\" data-id=\"2cb5533\" data-element_type=\"column\">\n\t\t\t<div class=\"elementor-widget-wrap elementor-element-populated\">\n\t\t\t\t\t\t<div class=\"elementor-element elementor-element-e8a1cc7 elementor-widget elementor-widget-jet-listing-grid\" data-id=\"e8a1cc7\" data-element_type=\"widget\" id=\"result\" data-settings=\"{&quot;columns&quot;:&quot;4&quot;,&quot;columns_mobile&quot;:&quot;2&quot;}\" data-widget_type=\"jet-listing-grid.default\">\n\t\t\t\t<div class=\"elementor-widget-container\">\n\t\t\t\t\t<div class=\"jet-listing-grid jet-listing-grid--lazy-load jet-listing jet-listing-grid-loading\" data-lazy-load=\"{&quot;offset&quot;:&quot;0px&quot;,&quot;post_id&quot;:10595,&quot;queried_id&quot;:&quot;10595|WP_Post&quot;}\"><div class=\"jet-listing-grid__loader\"><div class=\"jet-listing-grid__loader-spinner\"><\/div><\/div><\/div>\t\t\t\t<\/div>\n\t\t\t\t<\/div>\n\t\t\t\t<div class=\"elementor-element elementor-element-668c54e elementor-widget elementor-widget-jet-smart-filters-pagination\" data-id=\"668c54e\" data-element_type=\"widget\" data-widget_type=\"jet-smart-filters-pagination.default\">\n\t\t\t\t<div class=\"elementor-widget-container\">\n\t\t\t\t\t<div\n\t\t\t\tclass=\"jet-smart-filters-pagination jet-filter\"\n\t\t\t\tdata-apply-provider=\"jet-engine\"\n\t\t\t\tdata-content-provider=\"jet-engine\"\n\t\t\t\tdata-query-id=\"result\"\n\t\t\t\tdata-controls=\"{&quot;items_enabled&quot;:true,&quot;pages_mid_size&quot;:0,&quot;pages_end_size&quot;:0,&quot;nav_enabled&quot;:true,&quot;prev&quot;:&quot;Voltar&quot;,&quot;next&quot;:&quot;Pr\\u00f3ximo&quot;,&quot;hide_inactive_nav&quot;:true,&quot;load_more_enabled&quot;:false,&quot;provider_top_offset&quot;:0}\"\n\t\t\t\tdata-apply-type=\"ajax\"\n\t\t\t><\/div>\t\t\t\t<\/div>\n\t\t\t\t<\/div>\n\t\t\t\t\t<\/div>\n\t\t<\/div>\n\t\t\t\t\t<\/div>\n\t\t<\/section>\n\t\t\t\t<\/div>\n\t\t","protected":false},"excerpt":{"rendered":"<p>In the Media Stay up to date with all our latest updates<\/p>\n","protected":false},"author":1,"featured_media":0,"parent":0,"menu_order":0,"comment_status":"closed","ping_status":"closed","template":"","meta":{"_joinchat":[],"footnotes":""},"class_list":["post-10595","page","type-page","status-publish","hentry"],"yoast_head":"<!-- This site is optimized with the Yoast SEO plugin v27.2 - https:\/\/yoast.com\/product\/yoast-seo-wordpress\/ -->\n<title>In the Media - Grande Reserva Mata Atl\u00e2ntica<\/title>\n<meta name=\"robots\" content=\"index, follow, max-snippet:-1, max-image-preview:large, max-video-preview:-1\" \/>\n<meta property=\"og:locale\" content=\"en_US\" \/>\n<meta property=\"og:type\" content=\"article\" \/>\n<meta property=\"og:title\" content=\"In the Media - Grande Reserva Mata Atl\u00e2ntica\" \/>\n<meta property=\"og:description\" content=\"In the Media Stay up to date with all our latest updates\" \/>\n<meta property=\"og:url\" content=\"https:\/\/grandereservamataatlantica.com.br\/en\/in-the-media\/\" \/>\n<meta property=\"og:site_name\" content=\"Grande Reserva Mata Atl\u00e2ntica\" \/>\n<meta property=\"article:publisher\" content=\"http:\/\/www.facebook.com\/GrandeReservaMataAtlantica\" \/>\n<meta property=\"article:modified_time\" content=\"2025-12-17T15:07:56+00:00\" \/>\n<meta name=\"twitter:card\" content=\"summary_large_image\" \/>\n<script type=\"application\/ld+json\" class=\"yoast-schema-graph\">{\"@context\":\"https:\/\/schema.org\",\"@graph\":[{\"@type\":\"WebPage\",\"@id\":\"https:\/\/grandereservamataatlantica.com.br\/en\/in-the-media\/\",\"url\":\"https:\/\/grandereservamataatlantica.com.br\/en\/in-the-media\/\",\"name\":\"In the Media - Grande Reserva Mata Atl\u00e2ntica\",\"isPartOf\":{\"@id\":\"https:\/\/grandereservamataatlantica.com.br\/#website\"},\"datePublished\":\"2024-04-27T21:28:40+00:00\",\"dateModified\":\"2025-12-17T15:07:56+00:00\",\"breadcrumb\":{\"@id\":\"https:\/\/grandereservamataatlantica.com.br\/en\/in-the-media\/#breadcrumb\"},\"inLanguage\":\"en-US\",\"potentialAction\":[{\"@type\":\"ReadAction\",\"target\":[\"https:\/\/grandereservamataatlantica.com.br\/en\/in-the-media\/\"]}]},{\"@type\":\"BreadcrumbList\",\"@id\":\"https:\/\/grandereservamataatlantica.com.br\/en\/in-the-media\/#breadcrumb\",\"itemListElement\":[{\"@type\":\"ListItem\",\"position\":1,\"name\":\"In\u00edcio\",\"item\":\"https:\/\/grandereservamataatlantica.com.br\/en\/\"},{\"@type\":\"ListItem\",\"position\":2,\"name\":\"In the Media\"}]},{\"@type\":\"WebSite\",\"@id\":\"https:\/\/grandereservamataatlantica.com.br\/#website\",\"url\":\"https:\/\/grandereservamataatlantica.com.br\/\",\"name\":\"Grande Reserva Mata Atl\u00e2ntica\",\"description\":\"O Maior cont\u00ednuo bem conservado de Mata Atl\u00e2ntica do Planeta\",\"publisher\":{\"@id\":\"https:\/\/grandereservamataatlantica.com.br\/#organization\"},\"potentialAction\":[{\"@type\":\"SearchAction\",\"target\":{\"@type\":\"EntryPoint\",\"urlTemplate\":\"https:\/\/grandereservamataatlantica.com.br\/?s={search_term_string}\"},\"query-input\":{\"@type\":\"PropertyValueSpecification\",\"valueRequired\":true,\"valueName\":\"search_term_string\"}}],\"inLanguage\":\"en-US\"},{\"@type\":\"Organization\",\"@id\":\"https:\/\/grandereservamataatlantica.com.br\/#organization\",\"name\":\"Grande Reserva Mata Atl\u00e2ntica\",\"url\":\"https:\/\/grandereservamataatlantica.com.br\/\",\"logo\":{\"@type\":\"ImageObject\",\"inLanguage\":\"en-US\",\"@id\":\"https:\/\/grandereservamataatlantica.com.br\/#\/schema\/logo\/image\/\",\"url\":\"https:\/\/grandereservamataatlantica.com.br\/wp-content\/uploads\/2024\/04\/grande-reserva-mata-atlantica-maior-continuo-bem-conservado-de-mata-atlantica-do-planeta-logo-branca.png\",\"contentUrl\":\"https:\/\/grandereservamataatlantica.com.br\/wp-content\/uploads\/2024\/04\/grande-reserva-mata-atlantica-maior-continuo-bem-conservado-de-mata-atlantica-do-planeta-logo-branca.png\",\"width\":220,\"height\":42,\"caption\":\"Grande Reserva Mata Atl\u00e2ntica\"},\"image\":{\"@id\":\"https:\/\/grandereservamataatlantica.com.br\/#\/schema\/logo\/image\/\"},\"sameAs\":[\"http:\/\/www.facebook.com\/GrandeReservaMataAtlantica\",\"http:\/\/www.instagram.com\/GrandeReservaMataAtlantica\",\"http:\/\/www.youtube.com\/channel\/UCWe7c6ACHa2sJnuuowDPj6g\"]}]}<\/script>\n<!-- \/ Yoast SEO plugin. -->","yoast_head_json":{"title":"In the Media - Grande Reserva Mata Atl\u00e2ntica","robots":{"index":"index","follow":"follow","max-snippet":"max-snippet:-1","max-image-preview":"max-image-preview:large","max-video-preview":"max-video-preview:-1"},"og_locale":"en_US","og_type":"article","og_title":"In the Media - Grande Reserva Mata Atl\u00e2ntica","og_description":"In the Media Stay up to date with all our latest updates","og_url":"https:\/\/grandereservamataatlantica.com.br\/en\/in-the-media\/","og_site_name":"Grande Reserva Mata Atl\u00e2ntica","article_publisher":"http:\/\/www.facebook.com\/GrandeReservaMataAtlantica","article_modified_time":"2025-12-17T15:07:56+00:00","twitter_card":"summary_large_image","schema":{"@context":"https:\/\/schema.org","@graph":[{"@type":"WebPage","@id":"https:\/\/grandereservamataatlantica.com.br\/en\/in-the-media\/","url":"https:\/\/grandereservamataatlantica.com.br\/en\/in-the-media\/","name":"In the Media - Grande Reserva Mata Atl\u00e2ntica","isPartOf":{"@id":"https:\/\/grandereservamataatlantica.com.br\/#website"},"datePublished":"2024-04-27T21:28:40+00:00","dateModified":"2025-12-17T15:07:56+00:00","breadcrumb":{"@id":"https:\/\/grandereservamataatlantica.com.br\/en\/in-the-media\/#breadcrumb"},"inLanguage":"en-US","potentialAction":[{"@type":"ReadAction","target":["https:\/\/grandereservamataatlantica.com.br\/en\/in-the-media\/"]}]},{"@type":"BreadcrumbList","@id":"https:\/\/grandereservamataatlantica.com.br\/en\/in-the-media\/#breadcrumb","itemListElement":[{"@type":"ListItem","position":1,"name":"In\u00edcio","item":"https:\/\/grandereservamataatlantica.com.br\/en\/"},{"@type":"ListItem","position":2,"name":"In the Media"}]},{"@type":"WebSite","@id":"https:\/\/grandereservamataatlantica.com.br\/#website","url":"https:\/\/grandereservamataatlantica.com.br\/","name":"Grande Reserva Mata Atl\u00e2ntica","description":"O Maior cont\u00ednuo bem conservado de Mata Atl\u00e2ntica do Planeta","publisher":{"@id":"https:\/\/grandereservamataatlantica.com.br\/#organization"},"potentialAction":[{"@type":"SearchAction","target":{"@type":"EntryPoint","urlTemplate":"https:\/\/grandereservamataatlantica.com.br\/?s={search_term_string}"},"query-input":{"@type":"PropertyValueSpecification","valueRequired":true,"valueName":"search_term_string"}}],"inLanguage":"en-US"},{"@type":"Organization","@id":"https:\/\/grandereservamataatlantica.com.br\/#organization","name":"Grande Reserva Mata Atl\u00e2ntica","url":"https:\/\/grandereservamataatlantica.com.br\/","logo":{"@type":"ImageObject","inLanguage":"en-US","@id":"https:\/\/grandereservamataatlantica.com.br\/#\/schema\/logo\/image\/","url":"https:\/\/grandereservamataatlantica.com.br\/wp-content\/uploads\/2024\/04\/grande-reserva-mata-atlantica-maior-continuo-bem-conservado-de-mata-atlantica-do-planeta-logo-branca.png","contentUrl":"https:\/\/grandereservamataatlantica.com.br\/wp-content\/uploads\/2024\/04\/grande-reserva-mata-atlantica-maior-continuo-bem-conservado-de-mata-atlantica-do-planeta-logo-branca.png","width":220,"height":42,"caption":"Grande Reserva Mata Atl\u00e2ntica"},"image":{"@id":"https:\/\/grandereservamataatlantica.com.br\/#\/schema\/logo\/image\/"},"sameAs":["http:\/\/www.facebook.com\/GrandeReservaMataAtlantica","http:\/\/www.instagram.com\/GrandeReservaMataAtlantica","http:\/\/www.youtube.com\/channel\/UCWe7c6ACHa2sJnuuowDPj6g"]}]}},"_links":{"self":[{"href":"https:\/\/grandereservamataatlantica.com.br\/en\/wp-json\/wp\/v2\/pages\/10595","targetHints":{"allow":["GET"]}}],"collection":[{"href":"https:\/\/grandereservamataatlantica.com.br\/en\/wp-json\/wp\/v2\/pages"}],"about":[{"href":"https:\/\/grandereservamataatlantica.com.br\/en\/wp-json\/wp\/v2\/types\/page"}],"author":[{"embeddable":true,"href":"https:\/\/grandereservamataatlantica.com.br\/en\/wp-json\/wp\/v2\/users\/1"}],"replies":[{"embeddable":true,"href":"https:\/\/grandereservamataatlantica.com.br\/en\/wp-json\/wp\/v2\/comments?post=10595"}],"version-history":[{"count":0,"href":"https:\/\/grandereservamataatlantica.com.br\/en\/wp-json\/wp\/v2\/pages\/10595\/revisions"}],"wp:attachment":[{"href":"https:\/\/grandereservamataatlantica.com.br\/en\/wp-json\/wp\/v2\/media?parent=10595"}],"curies":[{"name":"wp","href":"https:\/\/api.w.org\/{rel}","templated":true}]}}